{"id":434,"date":"2025-02-10T20:53:54","date_gmt":"2025-02-10T19:53:54","guid":{"rendered":"http:\/\/xswviag.cluster029.hosting.ovh.net\/?page_id=434"},"modified":"2026-02-12T09:25:31","modified_gmt":"2026-02-12T08:25:31","slug":"ou-sommes-nous","status":"publish","type":"page","link":"https:\/\/www.lesgenestes.com\/index.php\/ou-sommes-nous\/","title":{"rendered":"O\u00f9 sommes nous"},"content":{"rendered":"<div class=\"wp-block-image\">\n<figure class=\"aligncenter size-full\"><img loading=\"lazy\" decoding=\"async\" width=\"507\" height=\"100\" src=\"https:\/\/www.lesgenestes.com\/wp-content\/uploads\/2024\/12\/logo.gif\" alt=\"\" class=\"wp-image-135\"\/><\/figure>\n<\/div>\n\n\n<p class=\"has-text-align-center\">Coordonn\u00e9es GPS : N 44\u00b058.824&prime; E 1\u00b013.404&prime;<\/p>\n\n\n<p><center> <\/p>\n<p>\n<iframe loading=\"lazy\" src=\"https:\/\/www.google.com\/maps\/embed?pb=!1m18!1m12!1m3!1d9496.703992638932!2d1.2180256955359474!3d44.98026233423734!2m3!1f0!2f0!3f0!3m2!1i1024!2i768!4f13.1!3m3!1m2!1s0x12acaabb6c52fe8b%3A0xe36a12d9a2a8f22b!2sFerme+Auberge+des+Genestes!5e0!3m2!1sfr!2sfr!4v1525870338877\" width=\"600\" height=\"450\" frameborder=\"0\" style=\"border:0\" allowfullscreen><\/iframe> <\/p>\n<p><\/center><\/p>\n\n\n\n<p class=\"has-text-align-center has-text-color has-link-color wp-elements-d8ad565581f983a8f791fad48b297b20\" style=\"color:#753e00;line-height:1.2\"><a><strong>A partir de BORDEAUX :<\/strong><\/a><br>Prendre l&rsquo;A 89 ou la N 89 jusqu&rsquo;\u00e0 P\u00e9rigueux, continuer par la N 89 jusqu&rsquo;\u00e0 Thenon, aux feux, prendre \u00e0 droite jusqu&rsquo;\u00e0 Montignac par la D 67, puis la D 7O4 direction Sarlat, apr\u00e8s une dizaine de kms, prendre \u00e0 droite la D 48 pendant environ 4 km puis \u00e0 gauche apr\u00e8s Pelv\u00e9zy (village de chalets CCAS) encore 1 km, enfin \u00e0 gauche et vous serez arriv\u00e9s.<\/p>\n\n\n\n<p class=\"has-text-align-center has-text-color has-link-color wp-elements-97b39209665561c6f933088b1bbb8440\" style=\"color:#753e00;line-height:1.2\"><a><strong>A partir de CLERMONT FERRAND :<\/strong><\/a><br>Prendre l&rsquo;A 89 ou la N 89 jusqu&rsquo;\u00e0 Brive, continuer par la N 89 jusqu&rsquo;\u00e0 Larche, prendre \u00e0 gauche la D 60 direction Salignac Eyvigues, puis direction Sarlat jusqu&rsquo;au croisement de la D 704 ( environ 30 km ) prendre \u00e0 droite direction Montignac pendant 1 km puis la premi\u00e8re \u00e0 gauche, plus que 2 km pour arriver, encore deux fois cons\u00e9cutives \u00e0 droite et vous serez \u00e0 destination.<\/p>\n\n\n\n<p class=\"has-text-align-center has-text-color has-link-color wp-elements-b13a245fa7f40564c5b89d527d57dbf0\" style=\"color:#753e00;line-height:1.2\"><strong><a>Depuis PARIS<\/a>&nbsp;et le Nord de la France via LIMOGES :<\/strong><br>Par l&rsquo;A 20 jusqu&rsquo;\u00e0 Brive, prendre la N 89 direction P\u00e9rigueux jusqu&rsquo;\u00e0 Larche puis suivre les m\u00eames indications que ci-dessus. Une autre possibilit\u00e9, suivre la N 89 jusqu&rsquo;au Lardin St Lazare et prendre \u00e0 gauche la D 704 via Montignac puis direction Sarlat et se reporter aux informations du premier paragraphe.<\/p>\n\n\n\n<p class=\"has-text-align-center has-text-color has-link-color wp-elements-3dad47abe7337be1f17f822c8e242cc8\" style=\"color:#753e00;line-height:1.2\"><strong><a>Depuis TOULOUSE&nbsp;<\/a>et le Sud Est de la France :<\/strong><br>Remonter par l&rsquo;A 20 ou la N 20 via Cahors beaucoup plus agr\u00e9able depuis l&rsquo;ouverture totale de l&rsquo;autoroute A 20 jusqu&rsquo;\u00e0 Souillac, au rond point giratoire, prendre \u00e0 gauche la D 62 direction Salignac Eyvigues puis \u00e0 partir de Salignac ,suivre les m\u00eames instructions qu&rsquo;au 2 \u00e8me paragraphe pour arriver jusqu&rsquo;\u00e0 nous.<\/p>\n\n\n\n<p class=\"has-text-align-center has-text-color has-link-color wp-elements-48e888772e860244445365ae62e79d15\" style=\"color:#753e00;line-height:1.2\">Nous vous souhaitons un agr\u00e9able trajet.<\/p>\n\n\n\n<hr class=\"wp-block-separator has-alpha-channel-opacity is-style-wide\"\/>\n\n\n\n<p class=\"has-text-align-center has-text-color has-link-color wp-elements-7e455d326d257635c4e02220e2afec43\" style=\"color:#753e00\"><a>Famille MAZET \u2013 219, impasse des Genestes \u2013 24590 ST GENIES \u2013 Tel : 05 53 28 97 71 \u2013\u00a0<\/a><a href=\"mailto:contact@lesgenestes.com\">contact@lesgenestes.com<\/a><\/p>\n\n\n\n<hr class=\"wp-block-separator has-alpha-channel-opacity is-style-wide\"\/>\n","protected":false},"excerpt":{"rendered":"<p>Coordonn\u00e9es GPS : N 44\u00b058.824&prime; E 1\u00b013.404&prime; A partir de BORDEAUX :Prendre l&rsquo;A 89 ou la N 89 jusqu&rsquo;\u00e0 P\u00e9rigueux, continuer par la N 89 jusqu&rsquo;\u00e0 Thenon, aux feux, prendre \u00e0 droite jusqu&rsquo;\u00e0 Montignac par la D 67, puis la D 7O4 direction Sarlat, apr\u00e8s une dizaine de kms, prendre \u00e0 droite la D 48&#8230;<\/p>\n","protected":false},"author":1,"featured_media":0,"parent":0,"menu_order":0,"comment_status":"closed","ping_status":"closed","template":"","meta":{"_kadence_starter_templates_imported_post":false,"_kad_post_transparent":"","_kad_post_title":"","_kad_post_layout":"","_kad_post_sidebar_id":"","_kad_post_content_style":"","_kad_post_vertical_padding":"","_kad_post_feature":"","_kad_post_feature_position":"","_kad_post_header":false,"_kad_post_footer":false,"footnotes":""},"class_list":["post-434","page","type-page","status-publish","hentry"],"_links":{"self":[{"href":"https:\/\/www.lesgenestes.com\/index.php\/wp-json\/wp\/v2\/pages\/434","targetHints":{"allow":["GET"]}}],"collection":[{"href":"https:\/\/www.lesgenestes.com\/index.php\/wp-json\/wp\/v2\/pages"}],"about":[{"href":"https:\/\/www.lesgenestes.com\/index.php\/wp-json\/wp\/v2\/types\/page"}],"author":[{"embeddable":true,"href":"https:\/\/www.lesgenestes.com\/index.php\/wp-json\/wp\/v2\/users\/1"}],"replies":[{"embeddable":true,"href":"https:\/\/www.lesgenestes.com\/index.php\/wp-json\/wp\/v2\/comments?post=434"}],"version-history":[{"count":16,"href":"https:\/\/www.lesgenestes.com\/index.php\/wp-json\/wp\/v2\/pages\/434\/revisions"}],"predecessor-version":[{"id":543,"href":"https:\/\/www.lesgenestes.com\/index.php\/wp-json\/wp\/v2\/pages\/434\/revisions\/543"}],"wp:attachment":[{"href":"https:\/\/www.lesgenestes.com\/index.php\/wp-json\/wp\/v2\/media?parent=434"}],"curies":[{"name":"wp","href":"https:\/\/api.w.org\/{rel}","templated":true}]}}