{"id":417,"date":"2025-02-10T19:07:08","date_gmt":"2025-02-10T18:07:08","guid":{"rendered":"http:\/\/xswviag.cluster029.hosting.ovh.net\/?page_id=417"},"modified":"2026-02-12T09:25:54","modified_gmt":"2026-02-12T08:25:54","slug":"produits-fermiers","status":"publish","type":"page","link":"https:\/\/www.lesgenestes.com\/index.php\/produits-fermiers\/","title":{"rendered":"Produits Fermiers"},"content":{"rendered":"<div class=\"wp-block-image\">\n<figure class=\"aligncenter size-full\"><img loading=\"lazy\" decoding=\"async\" width=\"507\" height=\"100\" src=\"https:\/\/www.lesgenestes.com\/wp-content\/uploads\/2024\/12\/logo.gif\" alt=\"\" class=\"wp-image-135\"\/><\/figure>\n<\/div>\n\n\n<h2 class=\"wp-block-heading has-text-align-center\">Les Animaux<\/h2>\n\n\n\n<p class=\"has-text-align-center\">Dans notre exploitation \u00e0 caract\u00e8re familial, le bien \u00eatre des canards est une de nos pr\u00e9occupations principales, car chacun sait, les bons produits, notamment&nbsp;<strong>le foie gras<\/strong>&nbsp;ne proviennent que d&rsquo;animaux \u00e9lev\u00e9s et gav\u00e9s dans de bonnes conditions.<br><\/p>\n\n\n\n<div class=\"wp-block-columns is-layout-flex wp-container-core-columns-is-layout-9d6595d7 wp-block-columns-is-layout-flex\">\n<div class=\"wp-block-column is-layout-flow wp-block-column-is-layout-flow\">\n<h2 class=\"wp-block-heading has-text-align-center\" style=\"line-height:2\"><strong>Parc de gavage<\/strong><\/h2>\n\n\n\n<p class=\"has-text-align-center\" style=\"line-height:1.2\">Arriv\u00e9s sur la ferme \u00e0 l&rsquo;age de 14 semaines, les canards ont a leurs dispositions des parcs spacieux, quotidiennement paill\u00e9s, pour une dur\u00e9e d&rsquo;environ 15 jours. Durant ce laps de temps, ils sont gav\u00e9s matin et soir avec du ma\u00efs sem\u00e9 et r\u00e9colt\u00e9 par nos soins, des grains entiers juste cuits \u00e0 l&rsquo;eau comme le veut la tradition<\/p>\n<\/div>\n\n\n\n<div class=\"wp-block-column is-layout-flow wp-block-column-is-layout-flow\">\n<figure class=\"wp-block-image size-large\"><img loading=\"lazy\" decoding=\"async\" width=\"1024\" height=\"636\" src=\"http:\/\/xswviag.cluster029.hosting.ovh.net\/wp-content\/uploads\/2025\/02\/parc1-1024x636.png\" alt=\"\" class=\"wp-image-418\" srcset=\"https:\/\/www.lesgenestes.com\/wp-content\/uploads\/2025\/02\/parc1-1024x636.png 1024w, https:\/\/www.lesgenestes.com\/wp-content\/uploads\/2025\/02\/parc1-300x186.png 300w, https:\/\/www.lesgenestes.com\/wp-content\/uploads\/2025\/02\/parc1-768x477.png 768w, https:\/\/www.lesgenestes.com\/wp-content\/uploads\/2025\/02\/parc1.png 1387w\" sizes=\"auto, (max-width: 1024px) 100vw, 1024px\" \/><\/figure>\n\n\n\n<p class=\"has-text-align-center\" style=\"line-height:1.2\"><\/p>\n<\/div>\n<\/div>\n\n\n\n<div class=\"wp-block-columns is-layout-flex wp-container-core-columns-is-layout-9d6595d7 wp-block-columns-is-layout-flex\">\n<div class=\"wp-block-column is-layout-flow wp-block-column-is-layout-flow\">\n<figure class=\"wp-block-image size-full is-resized\"><img loading=\"lazy\" decoding=\"async\" width=\"300\" height=\"169\" src=\"https:\/\/www.lesgenestes.com\/wp-content\/uploads\/2024\/12\/tn_le-gavage.jpg\" alt=\"\" class=\"wp-image-125\" style=\"width:420px;height:auto\"\/><\/figure>\n<\/div>\n\n\n\n<div class=\"wp-block-column is-layout-flow wp-block-column-is-layout-flow\">\n<h2 class=\"wp-block-heading has-text-align-center\">Gavage<\/h2>\n\n\n\n<p class=\"has-text-align-center\" style=\"line-height:1.2\">L&rsquo;animal avale une dose de ma\u00efs cuit avec sa ration d&rsquo;eau \u00e0 l&rsquo;aide d&rsquo;un entonnoir, le jabot est ensuite mass\u00e9 afin de bien r\u00e9partir le ma\u00efs. La dur\u00e9e de la p\u00e9riode de gavage peut varier en fonction du rythme d&rsquo;engraissement des animaux. C&rsquo;est l&rsquo;exp\u00e9rience et le savoir-faire qui permettent de d\u00e9terminer si l&rsquo;animal est pr\u00eat.<\/p>\n\n\n\n<p><\/p>\n<\/div>\n<\/div>\n\n\n\n<p class=\"has-text-align-center\" style=\"line-height:1.2\">La saison de gavage se termine aux alentours de P\u00e2ques pour reprendre ensuite vers mi septembre, ce qui permet d&rsquo;\u00e9viter les grosses chaleurs, et de nous consacrer \u00e0 l&rsquo;accueil de nos clients et aux autres activit\u00e9s de la ferme ( ma\u00efs, potager ).<\/p>\n\n\n\n<h2 class=\"wp-block-heading has-text-align-left\"><\/h2>\n\n\n\n<div class=\"wp-block-columns is-layout-flex wp-container-core-columns-is-layout-9d6595d7 wp-block-columns-is-layout-flex\">\n<div class=\"wp-block-column is-layout-flow wp-block-column-is-layout-flow\">\n<h2 class=\"wp-block-heading has-text-align-center\">Produits de la ferme auberge<\/h2>\n\n\n\n<p class=\"has-text-align-center\" style=\"line-height:1.2\">Cette partie du corps de ferme a \u00e9t\u00e9 restaur\u00e9e et am\u00e9nag\u00e9e en laboratoire pour la transformation de nos canards gras.<br>C&rsquo;est dans ce b\u00e2timent que nous passons la plus grande partie de la saison d&rsquo;hiver (d&rsquo;octobre \u00e0 fin avril) \u00e0 cuisiner notre production.<\/p>\n<\/div>\n\n\n\n<div class=\"wp-block-column is-layout-flow wp-block-column-is-layout-flow\"><div class=\"wp-block-image\">\n<figure class=\"aligncenter size-full\"><img loading=\"lazy\" decoding=\"async\" width=\"260\" height=\"195\" src=\"https:\/\/www.lesgenestes.com\/wp-content\/uploads\/2025\/02\/labo-1.jpg\" alt=\"\" class=\"wp-image-425\"\/><\/figure>\n<\/div><\/div>\n<\/div>\n\n\n\n<h2 class=\"wp-block-heading has-text-align-center\">L&rsquo;atelier de transformation<\/h2>\n\n\n\n<div class=\"wp-block-columns is-layout-flex wp-container-core-columns-is-layout-9d6595d7 wp-block-columns-is-layout-flex\">\n<div class=\"wp-block-column is-layout-flow wp-block-column-is-layout-flow\"><div class=\"wp-block-image is-style-default\">\n<figure class=\"aligncenter size-full is-resized\"><img loading=\"lazy\" decoding=\"async\" width=\"150\" height=\"141\" src=\"https:\/\/www.lesgenestes.com\/wp-content\/uploads\/2025\/02\/decoupe.jpg\" alt=\"\" class=\"wp-image-428\" style=\"width:159px;height:auto\"\/><figcaption class=\"wp-element-caption\">Salle de d\u00e9coupe<\/figcaption><\/figure>\n<\/div><\/div>\n\n\n\n<div class=\"wp-block-column is-layout-flow wp-block-column-is-layout-flow\"><div class=\"wp-block-image\">\n<figure class=\"aligncenter size-full\"><img loading=\"lazy\" decoding=\"async\" width=\"150\" height=\"153\" src=\"https:\/\/www.lesgenestes.com\/wp-content\/uploads\/2025\/02\/chambre-froide.jpg\" alt=\"\" class=\"wp-image-429\"\/><figcaption class=\"wp-element-caption\">Chambre Froide<\/figcaption><\/figure>\n<\/div><\/div>\n\n\n\n<div class=\"wp-block-column is-layout-flow wp-block-column-is-layout-flow\"><div class=\"wp-block-image\">\n<figure class=\"aligncenter size-full\"><img loading=\"lazy\" decoding=\"async\" width=\"151\" height=\"155\" src=\"https:\/\/www.lesgenestes.com\/wp-content\/uploads\/2025\/02\/cuisson.jpg\" alt=\"\" class=\"wp-image-430\"\/><figcaption class=\"wp-element-caption\">Cuissons des confits<\/figcaption><\/figure>\n<\/div><\/div>\n\n\n\n<div class=\"wp-block-column is-layout-flow wp-block-column-is-layout-flow\"><div class=\"wp-block-image\">\n<figure class=\"aligncenter size-full\"><img loading=\"lazy\" decoding=\"async\" width=\"153\" height=\"160\" src=\"https:\/\/www.lesgenestes.com\/wp-content\/uploads\/2025\/02\/stock.jpg\" alt=\"\" class=\"wp-image-431\"\/><figcaption class=\"wp-element-caption\">Le stock<\/figcaption><\/figure>\n<\/div><\/div>\n<\/div>\n\n\n\n<h2 class=\"wp-block-heading has-text-align-center\">Produits fermiers Tarif 2025-2026<\/h2>\n\n\n\n<div data-wp-interactive=\"core\/file\" class=\"wp-block-file aligncenter\"><object data-wp-bind--hidden=\"!state.hasPdfPreview\" hidden class=\"wp-block-file__embed\" data=\"https:\/\/www.lesgenestes.com\/wp-content\/uploads\/2025\/06\/tarif-pdf.pdf\" type=\"application\/pdf\" style=\"width:100%;height:674px\" aria-label=\"Contenu embarqu\u00e9 &lt;strong&gt;T\u00e9l\u00e9charger le tarif au format PDF&lt;\/strong&gt;.\"><\/object><a id=\"wp-block-file--media-78c51bfc-2920-48cb-a621-1bb169e223e2\" href=\"https:\/\/www.lesgenestes.com\/wp-content\/uploads\/2025\/06\/tarif-pdf.pdf\"><strong>T\u00e9l\u00e9charger le tarif au format PDF<\/strong><\/a><\/div>\n\n\n\n<div class=\"wp-block-file aligncenter\"><a id=\"wp-block-file--media-9e073fee-d77f-4eab-a263-cd33823d1120\" href=\"https:\/\/www.lesgenestes.com\/wp-content\/uploads\/2025\/06\/tarif-exc.xls\"><strong>T\u00e9l\u00e9charger le tarif au format EXCEL<\/strong><\/a><\/div>\n\n\n\n<hr class=\"wp-block-separator has-alpha-channel-opacity\"\/>\n\n\n\n<p class=\"has-text-align-center\"><strong>Conditions de vente et d&rsquo;exp\u00e9dition<\/strong><\/p>\n\n\n\n<p class=\"has-text-align-center\" style=\"line-height:1.2\">Nous sommes \u00e0 votre disposition pour vos commandes jusqu&rsquo;\u00e0 \u00e9puisement des stocks.<br>Nos prix s&rsquo;entendent TTC, transport en plus: soit 15&nbsp;\u20ac jusqu&rsquo;\u00e0 150 \u20ac&nbsp;d&rsquo;achats, 20 \u20ac de 150 \u00e0 250 \u20ac, 25 \u20ac de 250 \u00e0 350 \u20ac, 35 \u20ac de 350 \u00e0 450 \u20ac, 40 \u20ac de 450 \u00e0 600 \u20ac, franco au del\u00e0 de 600 \u20ac.<br>D\u00e9lai de livraison : 2 \u00e0 3 semaines y compris le d\u00e9lai de r\u00e9tractation de 7 jours assimil\u00e9 \u00e0 la vente par correspondance<br>(article L.121-18 du code de la consommation). Paiement \u00e0 la commande encaiss\u00e9 apr\u00e8s l&rsquo;envoi ou \u00e0 r\u00e9ception de facture.<br>Nos marchandises (assur\u00e9es) voyagent aux risques et p\u00e9rils du destinataire,<br>veillez \u00e0 faire les r\u00e9serves n\u00e9cessaires aupr\u00e8s du transporteur en cas de colis endommag\u00e9.<\/p>\n\n\n\n<hr class=\"wp-block-separator has-alpha-channel-opacity is-style-wide\"\/>\n\n\n\n<p class=\"has-text-align-center has-text-color has-link-color wp-elements-7e455d326d257635c4e02220e2afec43\" style=\"color:#753e00\"><a>Famille MAZET \u2013 219, impasse des Genestes \u2013 24590 ST GENIES \u2013 Tel : 05 53 28 97 71 \u2013\u00a0<\/a><a href=\"mailto:contact@lesgenestes.com\">contact@lesgenestes.com<\/a><\/p>\n\n\n\n<hr class=\"wp-block-separator has-alpha-channel-opacity is-style-wide\"\/>\n\n\n\n<p><\/p>\n","protected":false},"excerpt":{"rendered":"<p>Les Animaux Dans notre exploitation \u00e0 caract\u00e8re familial, le bien \u00eatre des canards est une de nos pr\u00e9occupations principales, car chacun sait, les bons produits, notamment&nbsp;le foie gras&nbsp;ne proviennent que d&rsquo;animaux \u00e9lev\u00e9s et gav\u00e9s dans de bonnes conditions. Parc de gavage Arriv\u00e9s sur la ferme \u00e0 l&rsquo;age de 14 semaines, les canards ont a leurs&#8230;<\/p>\n","protected":false},"author":1,"featured_media":0,"parent":0,"menu_order":0,"comment_status":"closed","ping_status":"closed","template":"","meta":{"_kadence_starter_templates_imported_post":false,"_kad_post_transparent":"","_kad_post_title":"","_kad_post_layout":"","_kad_post_sidebar_id":"","_kad_post_content_style":"","_kad_post_vertical_padding":"","_kad_post_feature":"","_kad_post_feature_position":"","_kad_post_header":false,"_kad_post_footer":false,"footnotes":""},"class_list":["post-417","page","type-page","status-publish","hentry"],"_links":{"self":[{"href":"https:\/\/www.lesgenestes.com\/index.php\/wp-json\/wp\/v2\/pages\/417","targetHints":{"allow":["GET"]}}],"collection":[{"href":"https:\/\/www.lesgenestes.com\/index.php\/wp-json\/wp\/v2\/pages"}],"about":[{"href":"https:\/\/www.lesgenestes.com\/index.php\/wp-json\/wp\/v2\/types\/page"}],"author":[{"embeddable":true,"href":"https:\/\/www.lesgenestes.com\/index.php\/wp-json\/wp\/v2\/users\/1"}],"replies":[{"embeddable":true,"href":"https:\/\/www.lesgenestes.com\/index.php\/wp-json\/wp\/v2\/comments?post=417"}],"version-history":[{"count":38,"href":"https:\/\/www.lesgenestes.com\/index.php\/wp-json\/wp\/v2\/pages\/417\/revisions"}],"predecessor-version":[{"id":544,"href":"https:\/\/www.lesgenestes.com\/index.php\/wp-json\/wp\/v2\/pages\/417\/revisions\/544"}],"wp:attachment":[{"href":"https:\/\/www.lesgenestes.com\/index.php\/wp-json\/wp\/v2\/media?parent=417"}],"curies":[{"name":"wp","href":"https:\/\/api.w.org\/{rel}","templated":true}]}}